{"id":488,"date":"2022-02-10T16:19:58","date_gmt":"2022-02-10T14:19:58","guid":{"rendered":"http:\/\/localhost\/?page_id=488"},"modified":"2026-03-27T15:01:31","modified_gmt":"2026-03-27T13:01:31","slug":"spordiklubi-sisekorraeeskiri-ja-reeglid","status":"publish","type":"page","link":"https:\/\/www.spasport.ee\/et\/spordiklubi-sisekorraeeskiri-ja-reeglid\/","title":{"rendered":"Spordiklubi sisekorraeeskiri ja reeglid"},"content":{"rendered":"\n<h4 class=\"wp-block-heading\" id=\"1-spordiklubi-reeglid\">1. Spordiklubi reeglid<\/h4>\n\n\n\n<p>1.1. Spordiklubi k\u00fclastajatel on v\u00f5imalik osta perioodikaarte kehtivusajaga 30, 60 ja 90 p\u00e4eva ostmise kuup\u00e4evast alates v\u00f5i perioodi alguse kuup\u00e4evaks m\u00e4\u00e4ratud p\u00e4evast. Perioodikaardi, mis on isikuline(personaalne) ostmisega loetakse perioodikaardi ostnud isik Spordiklubi p\u00fcsikliendiks (edaspidi: P\u00fcsiklient). ID-kaardi alusel on P\u00fcsikliendil v\u00f5rreldes teiste k\u00fclastajatega \u00f5igus ja v\u00f5imalus kasutada Spordiklubi online-broneerimiss\u00fcsteemi ja saada osa P\u00fcsikliendiprogrammist ning P\u00fcsikliendi eripakkumistest ja&nbsp;soodustustest. Iseteeninduskassa kiip, mis on seotud perioodikaardiga, tagab eelisj\u00e4rjekorras sissep\u00e4\u00e4su treeningalale.<\/p>\n\n\n\n<p>1.2. Spordiklubi teenuseid saab kasutada ID-kaardi etten\u00e4itamisel v\u00f5i \u00fche korra pileti ostmisel.<\/p>\n\n\n\n<p>1.3. <strong>Spordiklubi perioodikaart on isikuline ja\u00a0 kehtib ID-kaardi alusel. Perioodikaardi kasutamisel rakenduvad <\/strong>spordiklubi sisekorraeeskirjad ja reeglid.<\/p>\n\n\n\n<p><strong>Spordiklubi ruumid on kasutamiseks alates 12. eluaastast. T\u00e4iskasvanud saatjaga koos v\u00f5ib spordiklubi k\u00fclastada ka 10. &#8211; 12.aastane, kellele on lunastatud pilet vastavalt Spordiklub<\/strong>i <strong>kehtivale hinnakirjale. <\/strong><\/p>\n\n\n\n<p>1.4. Spordiklubi j\u00e4tab endale \u00f5iguse teha muudatusi treeningute ajakavas. V\u00f5imalikest muudatustest treeningute ajakavas&nbsp;teavitab Spordiklubi oma kodulehel esimesel v\u00f5imalusel.<\/p>\n\n\n\n<p>1.5. Spordiklubi ei garanteeri v\u00f5imalust osaleda konkreetses&nbsp;r\u00fchmatreeningus v\u00f5i kindla treeneri treeningus.<\/p>\n\n\n\n<p>1.6. Treeningusse tulles, avatakse k\u00fclastajatele tsoon, kus treening toimub.<\/p>\n\n\n\n<p>1.7. Spordiklubi ei vastuta k\u00fclastajate v\u00f5imalike haigestumiste v\u00f5i \u00f5nnetuste toimumise eest Spordiklubis viibimise ajal, mis on&nbsp;p\u00f5hjustatud k\u00fclastaja enda tegevusest v\u00f5i tegevusetusest. Samuti ei vastuta Spordiklubi k\u00fclastajate isiklike esemete eest.<\/p>\n\n\n\n<p>1.8. Spordiklubi k\u00fclastaja vastutab selle eest, et Spordiklubi poolt pakutavad tegevused on talle sobivad ning tervisele ohutud.&nbsp;Vajaduse korral tuleb konsulteerida treeneri v\u00f5i arstiga.<\/p>\n\n\n\n<p>1.9. \u00d5nnetuse korral kohustuvad k\u00fclastajad informeerima klienditeenindust v\u00f5i helistama 112. Spordiklubi tagab majas, kus toimuvad treeningud, esmaabi andva personali kohalolu.<\/p>\n\n\n\n<p><strong>1.10. Spordiklubil on \u00f5igus k\u00e4esoleva Spa&amp;Sport spordiklubi&nbsp;sisekorraeeskirja ja reeglite vastu eksijate p\u00fcsikliendi staatus t\u00fchistada ning perioodikaardid tingimusteta annuleerida.<\/strong><\/p>\n\n\n\n<p>1.11. Kui klient tekitab oma tegevusega Spa&amp;Sport spordiklubi materiaalset kahju, on ettev\u00f5ttel \u00f5igus kliendilt n\u00f5uda tekitatud kahju h\u00fcvitamist.<\/p>\n\n\n\n<p>1.12. Spordiklubi teenuseid on keelatud kasutada joobes olekus. Joobetunnuste korral on teenindajal \u00f5igus klienti treeningusse mitte lubada.<strong><\/strong><\/p>\n\n\n\n<p><strong>2. Perioodikaardi reeglid<\/strong><\/p>\n\n\n\n<p>2.1. R\u00fchmatreeningutesse tuleb P\u00fcsiklientidel eelnevalt registreerida ennast online broneeringus\u00fcsteemis, k\u00f5ikidel teistel k\u00fclastajatel palub&nbsp;Spordiklubi ennast registreerida Spordiklubi administraatori juures kohapeal v\u00f5i telefoni teel 445 1666, 447 9440.<\/p>\n\n\n\n<p>2.2. Perioodikaardi ja iseteeninduskassa kiibi&nbsp; saab soetada Tervise Paradiisi veekeskuse ja Tervis Vabaajakeskuse vastuv\u00f5tuletist vastavalt hinnakirjale: <a href=\"https:\/\/www.spasport.ee\/hinnakiri\/perioodikaardid\">https:\/\/www.spasport.ee\/hinnakiri\/perioodikaardid<\/a>. Ostetud&nbsp; perioodikaardi ega kiibi eest raha ei tagastata.<\/p>\n\n\n\n<p>2.3. 10x kaardiga v\u00f5ib kaasa v\u00f5tta kaaslase\/kaaslased kelle k\u00fclastus arvestatakse maha perioodikaardi omaniku kaardilt.<\/p>\n\n\n\n<p><strong>3. Broneeringud<\/strong><\/p>\n\n\n\n<p>3.1. Spordiklubi treeningugraafikut kuvatakse n\u00e4dala kaupa avalikustamise loogika alusel. See t\u00e4hendab, et igal esmasp\u00e4eva varahommikul avaldatakse j\u00e4rgmise n\u00e4dala graafik. P\u00fchap\u00e4eval vaadates n\u00e4eb ainult j\u00e4rgmise n\u00e4dala graafikut, aga esmasp\u00e4eval vaadates juba sellest n\u00e4dala v\u00f5rra edasi.<\/p>\n\n\n\n<p>3.2. K\u00fclastaja saab \u00fcheks p\u00e4evaks teha treeningutele kuni kaks broneeringut (vabade kohtade olemasolul on v\u00f5imalik osaleda suuremal arvul treeningutes elava j\u00e4rjekorra alusel).<\/p>\n\n\n\n<p>3.3. K\u00fclastajal saab kahe (2) n\u00e4dala jooksul olla kokku viis aktiivset treeningute broneeringut.<\/p>\n\n\n\n<p>3.4. Broneeringu t\u00fchistamine peab olema P\u00fcsikliendi poolt tehtud mitte v\u00e4hem kui kaks tundi (2h) enne treeningu algust esmaj\u00e4rjekorras Spordiklubi broneeringute online s\u00fcsteemis. Juhul, kui P\u00fcsikliendil ei ole v\u00f5imalik t\u00fchistada broneeringut online s\u00fcsteemis, saab P\u00fcsiklient t\u00fchistada broneeringu e-maili teel, saates kirja\u00a0<a href=\"mailto:veekeskus@spa.ee\">veekeskus@spa.ee<\/a> v\u00f5i keskus@spatervis.ee mitte v\u00e4hem kui kolm tundi (3h) enne treeningu algust.<\/p>\n\n\n\n<p>3.5. Juhul, kui k\u00fclastajad ei t\u00e4ida kohaselt Reeglit punktis 3.5. teavitamiskohustust, on Spordiklubil \u00f5igus peatada kaheks (2) n\u00e4dalaks klientide treeningutesse broneerimise \u00f5igus kui eelpool mainitud punktide vastu on eksitud kolmek\u00fcmne (30) p\u00e4eva jooksul v\u00e4hemalt kaks (2) korda.<\/p>\n\n\n\n<p>3.6. Juhul, kui k\u00fclastaja ei ole viis (5) minutit enne broneeritud treeningut kohal, kaotab tema broneering automaatselt kehtivuse ja soovijate olemasolu korral l\u00e4heb broneeringu kaotanud k\u00fclastaja koht kohapeal ootel olevale k\u00fclastajale. 3.7. \u00dche (1) kuu jooksul kahte broneeritud treeningusse ilmumata j\u00e4tmise korral kaotab k\u00fclastaja j\u00e4rgmiseks kaheks (2) n\u00e4dalaks \u00f5iguse broneerida kohti treeningutele.<\/p>\n\n\n\n<p>3.8. Broneerimise \u00f5igust on soovi korral v\u00f5imalik kliendile sobival ajal taastada tasudes selle eest vastavalt kehtivale Spordiklubi hinnakirjale veekeskuse kassasse \u201eBroneerimis\u00f5iguste taastamise tasu\u201c.<\/p>\n\n\n\n<p><strong>4. Spordiklubi k\u00fclastaja head tavad<\/strong><\/p>\n\n\n\n<p>4.1. R\u00fchmatreeningutele tulija peab treeningsaalis olema kohal v\u00e4hemalt viis (5) minutit enne treeningu algust.<\/p>\n\n\n\n<p>4.2. Treeningpileteid hakatakse v\u00e4ljastama vastavalt eelnevalt tehtud broneeringutele ja\/v\u00f5i ootel olevatele k\u00fclastajatele 30 minutit enne treeningu algust. Treeningtsoonid avatakse treeningpiletid lunastanud klientidele mitte v\u00e4hem kui 15 minutit enne treeningu algust.<\/p>\n\n\n\n<p>4.3. Peale r\u00fchmareeningu algust saabunud klienti antud r\u00fchma-treeningusse ei lubata.<\/p>\n\n\n\n<p><strong>4.4. Treeningtsoonis viibimise aeg on:<\/strong><\/p>\n\n\n\n<p>\u00b7&nbsp;<strong>ujula ja ujula r\u00fchmatreeningu k\u00fclastajale 1h 40min,<\/strong><\/p>\n\n\n\n<p>\u00b7&nbsp;<strong>j\u00f5usaali k\u00fclastajale 2,5 h,<\/strong><\/p>\n\n\n\n<p>\u00b7&nbsp;<strong>r\u00fchmatreeningute k\u00fclastajale 2 h,<\/strong><\/p>\n\n\n\n<p>\u00b7&nbsp;<strong>veepargi k\u00fclastajale 3 h.<\/strong><\/p>\n\n\n\n<p><strong>Spordiklubi ruumidest&nbsp;tuleb k\u00fclastajatel lahkuda Spordiklubi lahtioleku aja jooksul.<\/strong><\/p>\n\n\n\n<p><strong>4.5. Treeningtsoonis viibimise aja \u00fcletamisel tuleb tasuda lisatasu \u00fcletatud aja eest vastavalt kehtivale hinnakirjale.<\/strong><\/p>\n\n\n\n<p><strong>4.6. Spordiklubi kliendil on keelatud peale treeningut kasutada&nbsp; veepargi teenuseid ilma vastava piletita.<\/strong><\/p>\n\n\n\n<p>4.7. K\u00fclastajad kohustuvad kasutama Spordiklubi treeningvahendeid heaperemehelikult.<\/p>\n\n\n\n<p><strong>4.8. P\u00e4rast treeninguid tuleb treeningvahendid puhastada ning tagastada nende algsele kohale. <\/strong>Treeningvahenditele raskuste panemine ja hilisem nende \u00e4ra t\u00f5stmine on \u00fcks osa treeningust.<\/p>\n\n\n\n<p><strong>4.9. K\u00fclastajatele on kohustuslik treeningutele kaasa v\u00f5tta&nbsp;treeningr\u00e4tik &#8211; higi p\u00fchkimiseks ning matil pea alla panemiseks.<\/strong><\/p>\n\n\n\n<p>4.10. K\u00fclastajad kohustuvad kasutama treeningruumides&nbsp;heledap\u00f5hjalisi sisetreeninguteks m\u00f5eldud jalatseid.<\/p>\n\n\n\n<p>4.11. K\u00fclastajatel on mittesoovitav kuulata valjult muusikat&nbsp;isiklikest vahenditest ja\/v\u00f5i k\u00e4ituda muul viisil, mis v\u00f5ib h\u00e4irida teisi k\u00fclastajaid.<\/p>\n\n\n\n<p>4.12. R\u00fchmatreeningutele aeroobikasaalis on keelatud&nbsp;sissel\u00fclitatud telefoni(de) kaasav\u00f5tmine.<\/p>\n\n\n\n<p>4.13. Joogitaara kohustuvad k\u00fclastajad viskama selleks&nbsp;etten\u00e4htud konteinerisse.<\/p>\n\n\n\n<p>4.14. K\u00fclastajatel oodatakse m\u00f5istlikku ja arvestavat suhtumist teistesse k\u00fclastajatesse ja Spordiklubi personali, sealhulgas tuleks k\u00fclastajatel l\u00e4htuda sellest, et:<\/p>\n\n\n\n<p>&#8211;&nbsp; Liigne parf\u00fc\u00fcmi kasutamine v\u00f5ib h\u00e4irida teisi k\u00fclastajaid;<\/p>\n\n\n\n<p>&#8211; T\u00f5elised daamid ja h\u00e4rrad pesevad ennast enne basseini&nbsp;minekut;<\/p>\n\n\n\n<p>&#8211; Saunas pole lubatud kasutada mett, koorijaid ja teisi puitpinda m\u00e4\u00e4rivaid aineid;<\/p>\n\n\n\n<p>&#8211; Pesuruumides raseerimine on keelatud.<\/p>\n\n\n\n<p><strong>4.15. <\/strong><strong>Spordiklubi k\u00fclastajad kohustuvad AS Sanatoorium Tervis ja O\u00dc Tervise Paradiis territooriumil j\u00e4rgima parkimiskorraldust ja heakorda puudutavaid reegleid ning k\u00e4ituma vastavalt heale tavale ja kaasinimesi arvestades.<\/strong><\/p>\n\n\n\n<p>4.16. Kehtiva perioodikaardi olemasolul parkimine Tervise Paradiisi ja Tervis ravispaahotelli parklas tasuta (treeningute ajal). Tasuta parkimiseks&nbsp;on vajalik soetada kiip iseteeninduskassa jaoks.<\/p>\n","protected":false},"excerpt":{"rendered":"<p>1. Spordiklubi reeglid 1.1. Spordiklubi k\u00fclastajatel on v\u00f5imalik osta perioodikaarte kehtivusajaga 30, 60 ja 90 p\u00e4eva ostmise kuup\u00e4evast alates v\u00f5i perioodi alguse kuup\u00e4evaks m\u00e4\u00e4ratud p\u00e4evast. Perioodikaardi, mis on isikuline(personaalne) ostmisega loetakse perioodikaardi ostnud isik Spordiklubi p\u00fcsikliendiks (edaspidi: P\u00fcsiklient). ID-kaardi alusel on P\u00fcsikliendil v\u00f5rreldes teiste k\u00fclastajatega \u00f5igus ja v\u00f5imalus kasutada Spordiklubi online-broneerimiss\u00fcsteemi ja saada osa P\u00fcsikliendiprogrammist [&hellip;]<\/p>\n","protected":false},"author":1,"featured_media":0,"parent":0,"menu_order":0,"comment_status":"closed","ping_status":"closed","template":"","meta":{"_locale":"et","_original_post":"http:\/\/localhost\/?page_id=488","footnotes":""},"class_list":["post-488","page","type-page","status-publish","hentry","et"],"yoast_head":"<!-- This site is optimized with the Yoast SEO plugin v27.0 - https:\/\/yoast.com\/product\/yoast-seo-wordpress\/ -->\n<title>Spordiklubi sisekorraeeskiri ja reeglid - Spa&amp;Sport<\/title>\n<meta name=\"robots\" content=\"index, follow, max-snippet:-1, max-image-preview:large, max-video-preview:-1\" \/>\n<link rel=\"canonical\" href=\"https:\/\/www.spasport.ee\/et\/spordiklubi-sisekorraeeskiri-ja-reeglid\/\" \/>\n<meta property=\"og:locale\" content=\"et_EE\" \/>\n<meta property=\"og:type\" content=\"article\" \/>\n<meta property=\"og:title\" content=\"Spordiklubi sisekorraeeskiri ja reeglid - Spa&amp;Sport\" \/>\n<meta property=\"og:description\" content=\"1. Spordiklubi reeglid 1.1. Spordiklubi k\u00fclastajatel on v\u00f5imalik osta perioodikaarte kehtivusajaga 30, 60 ja 90 p\u00e4eva ostmise kuup\u00e4evast alates v\u00f5i perioodi alguse kuup\u00e4evaks m\u00e4\u00e4ratud p\u00e4evast. Perioodikaardi, mis on isikuline(personaalne) ostmisega loetakse perioodikaardi ostnud isik Spordiklubi p\u00fcsikliendiks (edaspidi: P\u00fcsiklient). ID-kaardi alusel on P\u00fcsikliendil v\u00f5rreldes teiste k\u00fclastajatega \u00f5igus ja v\u00f5imalus kasutada Spordiklubi online-broneerimiss\u00fcsteemi ja saada osa P\u00fcsikliendiprogrammist [&hellip;]\" \/>\n<meta property=\"og:url\" content=\"https:\/\/www.spasport.ee\/et\/spordiklubi-sisekorraeeskiri-ja-reeglid\/\" \/>\n<meta property=\"og:site_name\" content=\"Spa&amp;Sport\" \/>\n<meta property=\"article:modified_time\" content=\"2026-03-27T13:01:31+00:00\" \/>\n<meta name=\"twitter:card\" content=\"summary_large_image\" \/>\n<meta name=\"twitter:label1\" content=\"Est. reading time\" \/>\n\t<meta name=\"twitter:data1\" content=\"4 minutit\" \/>\n<script type=\"application\/ld+json\" class=\"yoast-schema-graph\">{\"@context\":\"https:\/\/schema.org\",\"@graph\":[{\"@type\":\"WebPage\",\"@id\":\"https:\/\/www.spasport.ee\/et\/spordiklubi-sisekorraeeskiri-ja-reeglid\/\",\"url\":\"https:\/\/www.spasport.ee\/et\/spordiklubi-sisekorraeeskiri-ja-reeglid\/\",\"name\":\"Spordiklubi sisekorraeeskiri ja reeglid - Spa&amp;Sport\",\"isPartOf\":{\"@id\":\"https:\/\/www.spasport.ee\/et\/#website\"},\"datePublished\":\"2022-02-10T14:19:58+00:00\",\"dateModified\":\"2026-03-27T13:01:31+00:00\",\"breadcrumb\":{\"@id\":\"https:\/\/www.spasport.ee\/et\/spordiklubi-sisekorraeeskiri-ja-reeglid\/#breadcrumb\"},\"inLanguage\":\"et\",\"potentialAction\":[{\"@type\":\"ReadAction\",\"target\":[\"https:\/\/www.spasport.ee\/et\/spordiklubi-sisekorraeeskiri-ja-reeglid\/\"]}]},{\"@type\":\"BreadcrumbList\",\"@id\":\"https:\/\/www.spasport.ee\/et\/spordiklubi-sisekorraeeskiri-ja-reeglid\/#breadcrumb\",\"itemListElement\":[{\"@type\":\"ListItem\",\"position\":1,\"name\":\"Home\",\"item\":\"https:\/\/www.spasport.ee\/et\/\"},{\"@type\":\"ListItem\",\"position\":2,\"name\":\"Spordiklubi sisekorraeeskiri ja reeglid\"}]},{\"@type\":\"WebSite\",\"@id\":\"https:\/\/www.spasport.ee\/et\/#website\",\"url\":\"https:\/\/www.spasport.ee\/et\/\",\"name\":\"Spa&amp;Sport\",\"description\":\"P\u00e4rnu suurim spordiklubi\",\"potentialAction\":[{\"@type\":\"SearchAction\",\"target\":{\"@type\":\"EntryPoint\",\"urlTemplate\":\"https:\/\/www.spasport.ee\/et\/?s={search_term_string}\"},\"query-input\":{\"@type\":\"PropertyValueSpecification\",\"valueRequired\":true,\"valueName\":\"search_term_string\"}}],\"inLanguage\":\"et\"}]}<\/script>\n<!-- \/ Yoast SEO plugin. -->","yoast_head_json":{"title":"Spordiklubi sisekorraeeskiri ja reeglid - Spa&amp;Sport","robots":{"index":"index","follow":"follow","max-snippet":"max-snippet:-1","max-image-preview":"max-image-preview:large","max-video-preview":"max-video-preview:-1"},"canonical":"https:\/\/www.spasport.ee\/et\/spordiklubi-sisekorraeeskiri-ja-reeglid\/","og_locale":"et_EE","og_type":"article","og_title":"Spordiklubi sisekorraeeskiri ja reeglid - Spa&amp;Sport","og_description":"1. Spordiklubi reeglid 1.1. Spordiklubi k\u00fclastajatel on v\u00f5imalik osta perioodikaarte kehtivusajaga 30, 60 ja 90 p\u00e4eva ostmise kuup\u00e4evast alates v\u00f5i perioodi alguse kuup\u00e4evaks m\u00e4\u00e4ratud p\u00e4evast. Perioodikaardi, mis on isikuline(personaalne) ostmisega loetakse perioodikaardi ostnud isik Spordiklubi p\u00fcsikliendiks (edaspidi: P\u00fcsiklient). ID-kaardi alusel on P\u00fcsikliendil v\u00f5rreldes teiste k\u00fclastajatega \u00f5igus ja v\u00f5imalus kasutada Spordiklubi online-broneerimiss\u00fcsteemi ja saada osa P\u00fcsikliendiprogrammist [&hellip;]","og_url":"https:\/\/www.spasport.ee\/et\/spordiklubi-sisekorraeeskiri-ja-reeglid\/","og_site_name":"Spa&amp;Sport","article_modified_time":"2026-03-27T13:01:31+00:00","twitter_card":"summary_large_image","twitter_misc":{"Est. reading time":"4 minutit"},"schema":{"@context":"https:\/\/schema.org","@graph":[{"@type":"WebPage","@id":"https:\/\/www.spasport.ee\/et\/spordiklubi-sisekorraeeskiri-ja-reeglid\/","url":"https:\/\/www.spasport.ee\/et\/spordiklubi-sisekorraeeskiri-ja-reeglid\/","name":"Spordiklubi sisekorraeeskiri ja reeglid - Spa&amp;Sport","isPartOf":{"@id":"https:\/\/www.spasport.ee\/et\/#website"},"datePublished":"2022-02-10T14:19:58+00:00","dateModified":"2026-03-27T13:01:31+00:00","breadcrumb":{"@id":"https:\/\/www.spasport.ee\/et\/spordiklubi-sisekorraeeskiri-ja-reeglid\/#breadcrumb"},"inLanguage":"et","potentialAction":[{"@type":"ReadAction","target":["https:\/\/www.spasport.ee\/et\/spordiklubi-sisekorraeeskiri-ja-reeglid\/"]}]},{"@type":"BreadcrumbList","@id":"https:\/\/www.spasport.ee\/et\/spordiklubi-sisekorraeeskiri-ja-reeglid\/#breadcrumb","itemListElement":[{"@type":"ListItem","position":1,"name":"Home","item":"https:\/\/www.spasport.ee\/et\/"},{"@type":"ListItem","position":2,"name":"Spordiklubi sisekorraeeskiri ja reeglid"}]},{"@type":"WebSite","@id":"https:\/\/www.spasport.ee\/et\/#website","url":"https:\/\/www.spasport.ee\/et\/","name":"Spa&amp;Sport","description":"P\u00e4rnu suurim spordiklubi","potentialAction":[{"@type":"SearchAction","target":{"@type":"EntryPoint","urlTemplate":"https:\/\/www.spasport.ee\/et\/?s={search_term_string}"},"query-input":{"@type":"PropertyValueSpecification","valueRequired":true,"valueName":"search_term_string"}}],"inLanguage":"et"}]}},"_links":{"self":[{"href":"https:\/\/www.spasport.ee\/wp-json\/wp\/v2\/pages\/488","targetHints":{"allow":["GET"]}}],"collection":[{"href":"https:\/\/www.spasport.ee\/wp-json\/wp\/v2\/pages"}],"about":[{"href":"https:\/\/www.spasport.ee\/wp-json\/wp\/v2\/types\/page"}],"author":[{"embeddable":true,"href":"https:\/\/www.spasport.ee\/wp-json\/wp\/v2\/users\/1"}],"replies":[{"embeddable":true,"href":"https:\/\/www.spasport.ee\/wp-json\/wp\/v2\/comments?post=488"}],"version-history":[{"count":8,"href":"https:\/\/www.spasport.ee\/wp-json\/wp\/v2\/pages\/488\/revisions"}],"predecessor-version":[{"id":1063,"href":"https:\/\/www.spasport.ee\/wp-json\/wp\/v2\/pages\/488\/revisions\/1063"}],"wp:attachment":[{"href":"https:\/\/www.spasport.ee\/wp-json\/wp\/v2\/media?parent=488"}],"curies":[{"name":"wp","href":"https:\/\/api.w.org\/{rel}","templated":true}]}}