{"id":329,"date":"2021-05-20T12:08:01","date_gmt":"2021-05-20T09:08:01","guid":{"rendered":"http:\/\/localhost\/?page_id=329"},"modified":"2023-04-25T00:26:23","modified_gmt":"2023-04-24T21:26:23","slug":"infrapunasaun","status":"publish","type":"page","link":"https:\/\/www.spasport.ee\/et\/infrapunasaun\/","title":{"rendered":"Infrapunasaun"},"content":{"rendered":"\n<h4 class=\"wp-block-heading\" id=\"spa-sport-spordiklubi-naiskulastajad-saavad-nautida-infrapuna-tervistavat-moju\">Spa&amp;Sport Spordiklubi naisk\u00fclastajad saavad nautida infrapuna tervistavat m\u00f5ju!<\/h4>\n\n\n\n<p>Spa&amp;Sport spordiklubi suures aeroobikasaalis treeninuid r\u00f5\u00f5mustab t\u00e4ielikult uuenenud infrapunasaun. Sauna imelised omadused virgutavad vaimu, turgutavad keha ja lisavad reipust.<\/p>\n\n\n\n<p>Infrapunasaunast on rohkelt abi kehalise pingutuse j\u00e4rel taastumise kiirendamisel, verevarustuse parandamisel ning lihaspinge leevendamisel.<\/p>\n\n\n<div class=\"wp-block-image\">\n<figure class=\"alignright size-full\"><img decoding=\"async\" width=\"437\" height=\"277\" data-src=\"https:\/\/www.spasport.ee\/wp-content\/uploads\/2023\/04\/infrapuna-joonis.jpg\" alt=\"\" class=\"wp-image-611 lazyload\" data-srcset=\"https:\/\/www.spasport.ee\/wp-content\/uploads\/2023\/04\/infrapuna-joonis.jpg 437w, https:\/\/www.spasport.ee\/wp-content\/uploads\/2023\/04\/infrapuna-joonis-300x190.jpg 300w\" data-sizes=\"(max-width: 437px) 100vw, 437px\" src=\"data:image\/svg+xml;base64,PHN2ZyB3aWR0aD0iMSIgaGVpZ2h0PSIxIiB4bWxucz0iaHR0cDovL3d3dy53My5vcmcvMjAwMC9zdmciPjwvc3ZnPg==\" style=\"--smush-placeholder-width: 437px; --smush-placeholder-aspect-ratio: 437\/277;\" \/><\/figure>\n<\/div>\n\n\n<p>Just seet\u00f5ttu asubki infrapunasaun Tervise Paradiisis Spa&amp;Sport spordiklubis . Ka varasemalt oli see<br>naiste garderoobis, kuid uuenduskuuri asemel paigaldati sinna t\u00e4iesti uus saun, millest on<br>kiiresti saanud meie tublide treenijate \u00fcks suuri lemmikuid.<\/p>\n\n\n\n<p>Infrapunsaunale on omistatud lugematul arvul kasulikke omadusi eelk\u00f5ige tema olemuse ja toimimise t\u00f5ttu. Infrapunakiirgus kandub n\u00e4htamatute valguslainetena l\u00e4bi \u00f5hu ja soojendab otseselt,<br>ilma \u00fcmbritsevat \u00f5hku k\u00fctmata n (just see\u00f5ttu<br>puudub ka taoline ebameeldiv n\u00e4htus nagu ehete \u00fclekuumenemine). Soojenevad nahk ja nahaalused koed.<\/p>\n\n\n\n<p>Infrapunakiirgus kandub n\u00e4htamatute valguslainetena l\u00e4bi \u00f5hu ja soojendab otseselt, ilma \u00fcmbritsevat \u00f5hku k\u00fctmata. Soojenevad nahk ja nahaalused koed. Infrapunakiirgus p\u00f5letab nahaalust rasvakihti ja vaatamata sellele, et \u00fcmbritseva \u00f5hu temperatuur on natuke \u00fcle 35 kraadi, on higistamine v\u00f5rreldes tavasaunaga 3 korda intensiivsem. Infrapunasaun aitab organismist v\u00e4lja viia j\u00e4\u00e4kaineid, parandab lihaste toonust ja on t\u00f5hus tselluliidi v\u00e4hendaja.<\/p>\n\n\n\n<p>Enne ja p\u00e4rast infrapunasauna kasutamist tuleb juua rohkelt vedelikku.<br>Infrapunasaun leevendab kroonilist v\u00e4simust, lihasevalu, elavdab n\u00e4rvis\u00fcsteemi, suurendab potentsi, kergitab kasvuhormoonide taset ja muudab reipaks. Saunaline p\u00f5letab 30minutilise seansiga \u00fcle 600 cal. Seda on rohkem kui kulub energiat sama kaua joostes.<\/p>\n\n\n\n<p>NB! Infrapunasaun asub Spa&amp;Sport spordiklubi suure aeroobikasaali esimeses naistegarderoobis.<\/p>\n\n\n\n<p><strong>Head saunatamist!<\/strong><\/p>\n","protected":false},"excerpt":{"rendered":"<p>Spa&amp;Sport Spordiklubi naisk\u00fclastajad saavad nautida infrapuna tervistavat m\u00f5ju! Spa&amp;Sport spordiklubi suures aeroobikasaalis treeninuid r\u00f5\u00f5mustab t\u00e4ielikult uuenenud infrapunasaun. Sauna imelised omadused virgutavad vaimu, turgutavad keha ja lisavad reipust. Infrapunasaunast on rohkelt abi kehalise pingutuse j\u00e4rel taastumise kiirendamisel, verevarustuse parandamisel ning lihaspinge leevendamisel. Just seet\u00f5ttu asubki infrapunasaun Tervise Paradiisis Spa&amp;Sport spordiklubis . Ka varasemalt oli seenaiste garderoobis, [&hellip;]<\/p>\n","protected":false},"author":1,"featured_media":0,"parent":0,"menu_order":0,"comment_status":"closed","ping_status":"closed","template":"","meta":{"_locale":"et","_original_post":"http:\/\/localhost\/?page_id=329","footnotes":""},"class_list":["post-329","page","type-page","status-publish","hentry","et"],"yoast_head":"<!-- This site is optimized with the Yoast SEO plugin v27.0 - https:\/\/yoast.com\/product\/yoast-seo-wordpress\/ -->\n<title>Infrapunasaun - Spa&amp;Sport<\/title>\n<meta name=\"robots\" content=\"index, follow, max-snippet:-1, max-image-preview:large, max-video-preview:-1\" \/>\n<link rel=\"canonical\" href=\"https:\/\/www.spasport.ee\/et\/infrapunasaun\/\" \/>\n<meta property=\"og:locale\" content=\"et_EE\" \/>\n<meta property=\"og:type\" content=\"article\" \/>\n<meta property=\"og:title\" content=\"Infrapunasaun - Spa&amp;Sport\" \/>\n<meta property=\"og:description\" content=\"Spa&amp;Sport Spordiklubi naisk\u00fclastajad saavad nautida infrapuna tervistavat m\u00f5ju! Spa&amp;Sport spordiklubi suures aeroobikasaalis treeninuid r\u00f5\u00f5mustab t\u00e4ielikult uuenenud infrapunasaun. Sauna imelised omadused virgutavad vaimu, turgutavad keha ja lisavad reipust. Infrapunasaunast on rohkelt abi kehalise pingutuse j\u00e4rel taastumise kiirendamisel, verevarustuse parandamisel ning lihaspinge leevendamisel. Just seet\u00f5ttu asubki infrapunasaun Tervise Paradiisis Spa&amp;Sport spordiklubis . Ka varasemalt oli seenaiste garderoobis, [&hellip;]\" \/>\n<meta property=\"og:url\" content=\"https:\/\/www.spasport.ee\/et\/infrapunasaun\/\" \/>\n<meta property=\"og:site_name\" content=\"Spa&amp;Sport\" \/>\n<meta property=\"article:modified_time\" content=\"2023-04-24T21:26:23+00:00\" \/>\n<meta property=\"og:image\" content=\"https:\/\/www.spasport.ee\/wp-content\/uploads\/2023\/04\/infrapuna-joonis.jpg\" \/>\n<meta name=\"twitter:card\" content=\"summary_large_image\" \/>\n<meta name=\"twitter:label1\" content=\"Est. reading time\" \/>\n\t<meta name=\"twitter:data1\" content=\"1 minut\" \/>\n<script type=\"application\/ld+json\" class=\"yoast-schema-graph\">{\"@context\":\"https:\/\/schema.org\",\"@graph\":[{\"@type\":\"WebPage\",\"@id\":\"https:\/\/www.spasport.ee\/et\/infrapunasaun\/\",\"url\":\"https:\/\/www.spasport.ee\/et\/infrapunasaun\/\",\"name\":\"Infrapunasaun - Spa&amp;Sport\",\"isPartOf\":{\"@id\":\"https:\/\/www.spasport.ee\/et\/#website\"},\"primaryImageOfPage\":{\"@id\":\"https:\/\/www.spasport.ee\/et\/infrapunasaun\/#primaryimage\"},\"image\":{\"@id\":\"https:\/\/www.spasport.ee\/et\/infrapunasaun\/#primaryimage\"},\"thumbnailUrl\":\"https:\/\/www.spasport.ee\/wp-content\/uploads\/2023\/04\/infrapuna-joonis.jpg\",\"datePublished\":\"2021-05-20T09:08:01+00:00\",\"dateModified\":\"2023-04-24T21:26:23+00:00\",\"breadcrumb\":{\"@id\":\"https:\/\/www.spasport.ee\/et\/infrapunasaun\/#breadcrumb\"},\"inLanguage\":\"et\",\"potentialAction\":[{\"@type\":\"ReadAction\",\"target\":[\"https:\/\/www.spasport.ee\/et\/infrapunasaun\/\"]}]},{\"@type\":\"ImageObject\",\"inLanguage\":\"et\",\"@id\":\"https:\/\/www.spasport.ee\/et\/infrapunasaun\/#primaryimage\",\"url\":\"https:\/\/www.spasport.ee\/wp-content\/uploads\/2023\/04\/infrapuna-joonis.jpg\",\"contentUrl\":\"https:\/\/www.spasport.ee\/wp-content\/uploads\/2023\/04\/infrapuna-joonis.jpg\",\"width\":437,\"height\":277},{\"@type\":\"BreadcrumbList\",\"@id\":\"https:\/\/www.spasport.ee\/et\/infrapunasaun\/#breadcrumb\",\"itemListElement\":[{\"@type\":\"ListItem\",\"position\":1,\"name\":\"Home\",\"item\":\"https:\/\/www.spasport.ee\/et\/\"},{\"@type\":\"ListItem\",\"position\":2,\"name\":\"Infrapunasaun\"}]},{\"@type\":\"WebSite\",\"@id\":\"https:\/\/www.spasport.ee\/et\/#website\",\"url\":\"https:\/\/www.spasport.ee\/et\/\",\"name\":\"Spa&amp;Sport\",\"description\":\"P\u00e4rnu suurim spordiklubi\",\"potentialAction\":[{\"@type\":\"SearchAction\",\"target\":{\"@type\":\"EntryPoint\",\"urlTemplate\":\"https:\/\/www.spasport.ee\/et\/?s={search_term_string}\"},\"query-input\":{\"@type\":\"PropertyValueSpecification\",\"valueRequired\":true,\"valueName\":\"search_term_string\"}}],\"inLanguage\":\"et\"}]}<\/script>\n<!-- \/ Yoast SEO plugin. -->","yoast_head_json":{"title":"Infrapunasaun - Spa&amp;Sport","robots":{"index":"index","follow":"follow","max-snippet":"max-snippet:-1","max-image-preview":"max-image-preview:large","max-video-preview":"max-video-preview:-1"},"canonical":"https:\/\/www.spasport.ee\/et\/infrapunasaun\/","og_locale":"et_EE","og_type":"article","og_title":"Infrapunasaun - Spa&amp;Sport","og_description":"Spa&amp;Sport Spordiklubi naisk\u00fclastajad saavad nautida infrapuna tervistavat m\u00f5ju! Spa&amp;Sport spordiklubi suures aeroobikasaalis treeninuid r\u00f5\u00f5mustab t\u00e4ielikult uuenenud infrapunasaun. Sauna imelised omadused virgutavad vaimu, turgutavad keha ja lisavad reipust. Infrapunasaunast on rohkelt abi kehalise pingutuse j\u00e4rel taastumise kiirendamisel, verevarustuse parandamisel ning lihaspinge leevendamisel. Just seet\u00f5ttu asubki infrapunasaun Tervise Paradiisis Spa&amp;Sport spordiklubis . Ka varasemalt oli seenaiste garderoobis, [&hellip;]","og_url":"https:\/\/www.spasport.ee\/et\/infrapunasaun\/","og_site_name":"Spa&amp;Sport","article_modified_time":"2023-04-24T21:26:23+00:00","og_image":[{"url":"https:\/\/www.spasport.ee\/wp-content\/uploads\/2023\/04\/infrapuna-joonis.jpg","type":"","width":"","height":""}],"twitter_card":"summary_large_image","twitter_misc":{"Est. reading time":"1 minut"},"schema":{"@context":"https:\/\/schema.org","@graph":[{"@type":"WebPage","@id":"https:\/\/www.spasport.ee\/et\/infrapunasaun\/","url":"https:\/\/www.spasport.ee\/et\/infrapunasaun\/","name":"Infrapunasaun - Spa&amp;Sport","isPartOf":{"@id":"https:\/\/www.spasport.ee\/et\/#website"},"primaryImageOfPage":{"@id":"https:\/\/www.spasport.ee\/et\/infrapunasaun\/#primaryimage"},"image":{"@id":"https:\/\/www.spasport.ee\/et\/infrapunasaun\/#primaryimage"},"thumbnailUrl":"https:\/\/www.spasport.ee\/wp-content\/uploads\/2023\/04\/infrapuna-joonis.jpg","datePublished":"2021-05-20T09:08:01+00:00","dateModified":"2023-04-24T21:26:23+00:00","breadcrumb":{"@id":"https:\/\/www.spasport.ee\/et\/infrapunasaun\/#breadcrumb"},"inLanguage":"et","potentialAction":[{"@type":"ReadAction","target":["https:\/\/www.spasport.ee\/et\/infrapunasaun\/"]}]},{"@type":"ImageObject","inLanguage":"et","@id":"https:\/\/www.spasport.ee\/et\/infrapunasaun\/#primaryimage","url":"https:\/\/www.spasport.ee\/wp-content\/uploads\/2023\/04\/infrapuna-joonis.jpg","contentUrl":"https:\/\/www.spasport.ee\/wp-content\/uploads\/2023\/04\/infrapuna-joonis.jpg","width":437,"height":277},{"@type":"BreadcrumbList","@id":"https:\/\/www.spasport.ee\/et\/infrapunasaun\/#breadcrumb","itemListElement":[{"@type":"ListItem","position":1,"name":"Home","item":"https:\/\/www.spasport.ee\/et\/"},{"@type":"ListItem","position":2,"name":"Infrapunasaun"}]},{"@type":"WebSite","@id":"https:\/\/www.spasport.ee\/et\/#website","url":"https:\/\/www.spasport.ee\/et\/","name":"Spa&amp;Sport","description":"P\u00e4rnu suurim spordiklubi","potentialAction":[{"@type":"SearchAction","target":{"@type":"EntryPoint","urlTemplate":"https:\/\/www.spasport.ee\/et\/?s={search_term_string}"},"query-input":{"@type":"PropertyValueSpecification","valueRequired":true,"valueName":"search_term_string"}}],"inLanguage":"et"}]}},"_links":{"self":[{"href":"https:\/\/www.spasport.ee\/wp-json\/wp\/v2\/pages\/329","targetHints":{"allow":["GET"]}}],"collection":[{"href":"https:\/\/www.spasport.ee\/wp-json\/wp\/v2\/pages"}],"about":[{"href":"https:\/\/www.spasport.ee\/wp-json\/wp\/v2\/types\/page"}],"author":[{"embeddable":true,"href":"https:\/\/www.spasport.ee\/wp-json\/wp\/v2\/users\/1"}],"replies":[{"embeddable":true,"href":"https:\/\/www.spasport.ee\/wp-json\/wp\/v2\/comments?post=329"}],"version-history":[{"count":1,"href":"https:\/\/www.spasport.ee\/wp-json\/wp\/v2\/pages\/329\/revisions"}],"predecessor-version":[{"id":612,"href":"https:\/\/www.spasport.ee\/wp-json\/wp\/v2\/pages\/329\/revisions\/612"}],"wp:attachment":[{"href":"https:\/\/www.spasport.ee\/wp-json\/wp\/v2\/media?parent=329"}],"curies":[{"name":"wp","href":"https:\/\/api.w.org\/{rel}","templated":true}]}}