{"id":218,"date":"2021-04-28T10:52:01","date_gmt":"2021-04-28T07:52:01","guid":{"rendered":"http:\/\/localhost\/?page_id=218"},"modified":"2026-01-06T11:46:06","modified_gmt":"2026-01-06T09:46:06","slug":"ujula-aeroobika-jousaal","status":"publish","type":"page","link":"https:\/\/www.spasport.ee\/et\/ujula-aeroobika-jousaal\/","title":{"rendered":"Ujula, aeroobika, j\u00f5usaal"},"content":{"rendered":"\n<p>Spa&amp;Sport spordiklubi treenijate k\u00e4sutuses on suurep\u00e4raste treenimistingimustega&nbsp;<a href=\"https:\/\/spasport.ee\/aeroobikasaal\/\" data-type=\"page\">aeroobikasaal<\/a>,&nbsp;<a href=\"https:\/\/spasport.ee\/ujula\/\" data-type=\"page\">ujula<\/a>,&nbsp;<a href=\"https:\/\/spasport.ee\/jousaal\/\" data-type=\"page\">j\u00f5usaal<\/a>&nbsp;ning osa saab v\u00f5tta mitmetest erinevatest&nbsp;<a href=\"https:\/\/spasport.ee\/ruhmatreeningud\/\" data-type=\"page\">r\u00fchmatreeningutest<\/a>.<\/p>\n\n\n\n<p>Siit leiate ujula, aeroobika ja j\u00f5usaali kehtiva hinnakirja.<\/p>\n\n\n\n<figure class=\"wp-block-table is-style-regular\"><table><thead><tr><th class=\"has-text-align-left\" data-align=\"left\">UJULA, AEROOBIKA, J\u00d5USAAL HINNAKIRI 2026<\/th><th><\/th><th><\/th><\/tr><\/thead><tbody><tr><td class=\"has-text-align-left\" data-align=\"left\"><strong>Tervise Paradiisi ujula<\/strong><\/td><td><strong>t\u00e4iskasvanu<\/strong><\/td><td><strong>sooduspilet*<\/strong><\/td><\/tr><tr><td class=\"has-text-align-left\" data-align=\"left\">E-P 6:30-8:30<\/td><td>7\u20ac<\/td><td>6\u20ac<\/td><\/tr><tr><td class=\"has-text-align-left\" data-align=\"left\">E-P 8:30-21:00<\/td><td>8.50\u20ac<\/td><td>7.50\u20ac<\/td><\/tr><tr><td class=\"has-text-align-left\" data-align=\"left\"><strong>Tervis ravispaahotelli ujula<\/strong><\/td><td><\/td><td><\/td><\/tr><tr><td class=\"has-text-align-left\" data-align=\"left\">Hommikuujumine E-R 7:00-11:00; L-P 7:00-8:00<\/td><td>8.50\u20ac<\/td><td>7.50\u20ac<\/td><\/tr><tr><td class=\"has-text-align-left\" data-align=\"left\">E-N 11:00-21:00; R 11:00-22:00<\/td><td>18\u20ac<\/td><td>14\u20ac<\/td><\/tr><tr><td class=\"has-text-align-left\" data-align=\"left\">L-P 8:00-22:00<\/td><td>23\u20ac<\/td><td>18\u20ac<\/td><\/tr><tr><td class=\"has-text-align-left\" data-align=\"left\"><strong>R\u00fchmatreeningud<\/strong><\/td><td><\/td><td><\/td><\/tr><tr><td class=\"has-text-align-left\" data-align=\"left\">Ujulas, j\u00f5usaalis, aeroobikasaalis<\/td><td>8,5\u20ac<\/td><td>7,5\u20ac<\/td><\/tr><tr><td class=\"has-text-align-left\" data-align=\"left\"><strong>Tervise Paradiisi J\u00f5usaal<\/strong> <\/td><td><\/td><td><\/td><\/tr><tr><td class=\"has-text-align-left\" data-align=\"left\">E-P 6:30-9:00; 15:00-21:00<\/td><td>8,5\u20ac<\/td><td>6,5\u20ac<\/td><\/tr><tr><td class=\"has-text-align-left\" data-align=\"left\">E-R 9:00-15:00<\/td><td>7.50\u20ac<\/td><td>5.50\u20ac<\/td><\/tr><tr><td class=\"has-text-align-left\" data-align=\"left\"><strong>Tervise Paradiisi<\/strong> <strong>J\u00f5usaal + Ujula <\/strong><\/td><td><\/td><td><\/td><\/tr><tr><td class=\"has-text-align-left\" data-align=\"left\">E-P 6:30-21:00<\/td><td>14\u20ac<\/td><td>11\u20ac<\/td><\/tr><tr><td class=\"has-text-align-left\" data-align=\"left\"><strong>Tervis ravispaahotelli J\u00f5usaal<\/strong> <\/td><td><\/td><td><\/td><\/tr><tr><td class=\"has-text-align-left\" data-align=\"left\">E-P 7:00-9:00; E-N15:00-21:00; R-P 15:00-22:00<\/td><td>8,5\u20ac<\/td><td>6,5\u20ac<\/td><\/tr><tr><td class=\"has-text-align-left\" data-align=\"left\">E-R 9:00-15:00<\/td><td>7.50\u20ac<\/td><td>5.50\u20ac<\/td><\/tr><tr><td class=\"has-text-align-left\" data-align=\"left\"><strong>Tervis ravispaahotelli J\u00f5usaal + Sauna-ja veekeskus<\/strong> <strong>3 h<\/strong><\/td><td><\/td><td><\/td><\/tr><tr><td class=\"has-text-align-left\" data-align=\"left\">E-R 7:00-21:00<\/td><td>25\u20ac<\/td><td>19\u20ac<\/td><\/tr><tr><td class=\"has-text-align-left\" data-align=\"left\">L-P 7:00-22:00<\/td><td>30\u20ac<\/td><td>25\u20ac<\/td><\/tr><\/tbody><\/table><figcaption class=\"wp-element-caption\">* sooduspileti ostmiseks palume esitada kehtiv Eesti Vabariigi pensionitunnistus, EV \u00f5pilas- ja \u00fcli\u00f5pilaspilet, ISIC v\u00f5i ITIC kaart<br><strong>NB! riiklikel p\u00fchadel kehtib Tervise sauna-ja veekeskuse piletitele n\u00e4dalavahetuse hind.<\/strong><\/figcaption><\/figure>\n\n\n\n<p><strong><mark style=\"background-color:rgba(0, 0, 0, 0)\" class=\"has-inline-color has-luminous-vivid-orange-color\">Tervise Paradiisi ja Tervis ravispaahotelli territooriumitel kehtib tasuline parkimine!<\/mark><\/strong><\/p>\n\n\n\n<p>T\u00e4psemat infot parkimise kohta leiate:<\/p>\n\n\n\n<p><a href=\"https:\/\/terviseparadiis.ee\/parkimine\/\">https:\/\/terviseparadiis.ee\/parkimine\/<\/a><mark style=\"background-color:rgba(0, 0, 0, 0);color:#f28100\" class=\"has-inline-color\"><br><\/mark><\/p>\n\n\n\n<p><mark style=\"background-color:rgba(0, 0, 0, 0);color:#f28100\" class=\"has-inline-color\">Tervis ravispaahotelli Vabaajakeskus&nbsp;(sauna- ja veekeskus, j\u00f5usaal, spordisaal) on hooldust\u00f6\u00f6deks 2026. a suletud 17.02; 21.04; 19.05; 6.07-8.07 kella 15-ni; 20.1<\/mark><mark style=\"background-color:rgba(0, 0, 0, 0)\" class=\"has-inline-color has-luminous-vivid-orange-color\">0, 15.12.<\/mark><\/p>\n\n\n\n<p><\/p>\n","protected":false},"excerpt":{"rendered":"<p>Spa&amp;Sport spordiklubi treenijate k\u00e4sutuses on suurep\u00e4raste treenimistingimustega&nbsp;aeroobikasaal,&nbsp;ujula,&nbsp;j\u00f5usaal&nbsp;ning osa saab v\u00f5tta mitmetest erinevatest&nbsp;r\u00fchmatreeningutest. Siit leiate ujula, aeroobika ja j\u00f5usaali kehtiva hinnakirja. UJULA, AEROOBIKA, J\u00d5USAAL HINNAKIRI 2026 Tervise Paradiisi ujula t\u00e4iskasvanu sooduspilet* E-P 6:30-8:30 7\u20ac 6\u20ac E-P 8:30-21:00 8.50\u20ac 7.50\u20ac Tervis ravispaahotelli ujula Hommikuujumine E-R 7:00-11:00; L-P 7:00-8:00 8.50\u20ac 7.50\u20ac E-N 11:00-21:00; R 11:00-22:00 18\u20ac 14\u20ac L-P [&hellip;]<\/p>\n","protected":false},"author":1,"featured_media":0,"parent":0,"menu_order":0,"comment_status":"closed","ping_status":"closed","template":"","meta":{"_locale":"et","_original_post":"http:\/\/localhost\/?page_id=218","footnotes":""},"class_list":["post-218","page","type-page","status-publish","hentry","et"],"yoast_head":"<!-- This site is optimized with the Yoast SEO plugin v27.0 - https:\/\/yoast.com\/product\/yoast-seo-wordpress\/ -->\n<title>Ujula, aeroobika, j\u00f5usaal - Spa&amp;Sport<\/title>\n<meta name=\"robots\" content=\"index, follow, max-snippet:-1, max-image-preview:large, max-video-preview:-1\" \/>\n<link rel=\"canonical\" href=\"https:\/\/www.spasport.ee\/et\/ujula-aeroobika-jousaal\/\" \/>\n<meta property=\"og:locale\" content=\"et_EE\" \/>\n<meta property=\"og:type\" content=\"article\" \/>\n<meta property=\"og:title\" content=\"Ujula, aeroobika, j\u00f5usaal - Spa&amp;Sport\" \/>\n<meta property=\"og:description\" content=\"Spa&amp;Sport spordiklubi treenijate k\u00e4sutuses on suurep\u00e4raste treenimistingimustega&nbsp;aeroobikasaal,&nbsp;ujula,&nbsp;j\u00f5usaal&nbsp;ning osa saab v\u00f5tta mitmetest erinevatest&nbsp;r\u00fchmatreeningutest. Siit leiate ujula, aeroobika ja j\u00f5usaali kehtiva hinnakirja. UJULA, AEROOBIKA, J\u00d5USAAL HINNAKIRI 2026 Tervise Paradiisi ujula t\u00e4iskasvanu sooduspilet* E-P 6:30-8:30 7\u20ac 6\u20ac E-P 8:30-21:00 8.50\u20ac 7.50\u20ac Tervis ravispaahotelli ujula Hommikuujumine E-R 7:00-11:00; L-P 7:00-8:00 8.50\u20ac 7.50\u20ac E-N 11:00-21:00; R 11:00-22:00 18\u20ac 14\u20ac L-P [&hellip;]\" \/>\n<meta property=\"og:url\" content=\"https:\/\/www.spasport.ee\/et\/ujula-aeroobika-jousaal\/\" \/>\n<meta property=\"og:site_name\" content=\"Spa&amp;Sport\" \/>\n<meta property=\"article:modified_time\" content=\"2026-01-06T09:46:06+00:00\" \/>\n<meta name=\"twitter:card\" content=\"summary_large_image\" \/>\n<meta name=\"twitter:label1\" content=\"Est. reading time\" \/>\n\t<meta name=\"twitter:data1\" content=\"1 minut\" \/>\n<script type=\"application\/ld+json\" class=\"yoast-schema-graph\">{\"@context\":\"https:\/\/schema.org\",\"@graph\":[{\"@type\":\"WebPage\",\"@id\":\"https:\/\/www.spasport.ee\/et\/ujula-aeroobika-jousaal\/\",\"url\":\"https:\/\/www.spasport.ee\/et\/ujula-aeroobika-jousaal\/\",\"name\":\"Ujula, aeroobika, j\u00f5usaal - Spa&amp;Sport\",\"isPartOf\":{\"@id\":\"https:\/\/www.spasport.ee\/et\/#website\"},\"datePublished\":\"2021-04-28T07:52:01+00:00\",\"dateModified\":\"2026-01-06T09:46:06+00:00\",\"breadcrumb\":{\"@id\":\"https:\/\/www.spasport.ee\/et\/ujula-aeroobika-jousaal\/#breadcrumb\"},\"inLanguage\":\"et\",\"potentialAction\":[{\"@type\":\"ReadAction\",\"target\":[\"https:\/\/www.spasport.ee\/et\/ujula-aeroobika-jousaal\/\"]}]},{\"@type\":\"BreadcrumbList\",\"@id\":\"https:\/\/www.spasport.ee\/et\/ujula-aeroobika-jousaal\/#breadcrumb\",\"itemListElement\":[{\"@type\":\"ListItem\",\"position\":1,\"name\":\"Home\",\"item\":\"https:\/\/www.spasport.ee\/et\/\"},{\"@type\":\"ListItem\",\"position\":2,\"name\":\"Ujula, aeroobika, j\u00f5usaal\"}]},{\"@type\":\"WebSite\",\"@id\":\"https:\/\/www.spasport.ee\/et\/#website\",\"url\":\"https:\/\/www.spasport.ee\/et\/\",\"name\":\"Spa&amp;Sport\",\"description\":\"P\u00e4rnu suurim spordiklubi\",\"potentialAction\":[{\"@type\":\"SearchAction\",\"target\":{\"@type\":\"EntryPoint\",\"urlTemplate\":\"https:\/\/www.spasport.ee\/et\/?s={search_term_string}\"},\"query-input\":{\"@type\":\"PropertyValueSpecification\",\"valueRequired\":true,\"valueName\":\"search_term_string\"}}],\"inLanguage\":\"et\"}]}<\/script>\n<!-- \/ Yoast SEO plugin. -->","yoast_head_json":{"title":"Ujula, aeroobika, j\u00f5usaal - Spa&amp;Sport","robots":{"index":"index","follow":"follow","max-snippet":"max-snippet:-1","max-image-preview":"max-image-preview:large","max-video-preview":"max-video-preview:-1"},"canonical":"https:\/\/www.spasport.ee\/et\/ujula-aeroobika-jousaal\/","og_locale":"et_EE","og_type":"article","og_title":"Ujula, aeroobika, j\u00f5usaal - Spa&amp;Sport","og_description":"Spa&amp;Sport spordiklubi treenijate k\u00e4sutuses on suurep\u00e4raste treenimistingimustega&nbsp;aeroobikasaal,&nbsp;ujula,&nbsp;j\u00f5usaal&nbsp;ning osa saab v\u00f5tta mitmetest erinevatest&nbsp;r\u00fchmatreeningutest. Siit leiate ujula, aeroobika ja j\u00f5usaali kehtiva hinnakirja. UJULA, AEROOBIKA, J\u00d5USAAL HINNAKIRI 2026 Tervise Paradiisi ujula t\u00e4iskasvanu sooduspilet* E-P 6:30-8:30 7\u20ac 6\u20ac E-P 8:30-21:00 8.50\u20ac 7.50\u20ac Tervis ravispaahotelli ujula Hommikuujumine E-R 7:00-11:00; L-P 7:00-8:00 8.50\u20ac 7.50\u20ac E-N 11:00-21:00; R 11:00-22:00 18\u20ac 14\u20ac L-P [&hellip;]","og_url":"https:\/\/www.spasport.ee\/et\/ujula-aeroobika-jousaal\/","og_site_name":"Spa&amp;Sport","article_modified_time":"2026-01-06T09:46:06+00:00","twitter_card":"summary_large_image","twitter_misc":{"Est. reading time":"1 minut"},"schema":{"@context":"https:\/\/schema.org","@graph":[{"@type":"WebPage","@id":"https:\/\/www.spasport.ee\/et\/ujula-aeroobika-jousaal\/","url":"https:\/\/www.spasport.ee\/et\/ujula-aeroobika-jousaal\/","name":"Ujula, aeroobika, j\u00f5usaal - Spa&amp;Sport","isPartOf":{"@id":"https:\/\/www.spasport.ee\/et\/#website"},"datePublished":"2021-04-28T07:52:01+00:00","dateModified":"2026-01-06T09:46:06+00:00","breadcrumb":{"@id":"https:\/\/www.spasport.ee\/et\/ujula-aeroobika-jousaal\/#breadcrumb"},"inLanguage":"et","potentialAction":[{"@type":"ReadAction","target":["https:\/\/www.spasport.ee\/et\/ujula-aeroobika-jousaal\/"]}]},{"@type":"BreadcrumbList","@id":"https:\/\/www.spasport.ee\/et\/ujula-aeroobika-jousaal\/#breadcrumb","itemListElement":[{"@type":"ListItem","position":1,"name":"Home","item":"https:\/\/www.spasport.ee\/et\/"},{"@type":"ListItem","position":2,"name":"Ujula, aeroobika, j\u00f5usaal"}]},{"@type":"WebSite","@id":"https:\/\/www.spasport.ee\/et\/#website","url":"https:\/\/www.spasport.ee\/et\/","name":"Spa&amp;Sport","description":"P\u00e4rnu suurim spordiklubi","potentialAction":[{"@type":"SearchAction","target":{"@type":"EntryPoint","urlTemplate":"https:\/\/www.spasport.ee\/et\/?s={search_term_string}"},"query-input":{"@type":"PropertyValueSpecification","valueRequired":true,"valueName":"search_term_string"}}],"inLanguage":"et"}]}},"_links":{"self":[{"href":"https:\/\/www.spasport.ee\/wp-json\/wp\/v2\/pages\/218","targetHints":{"allow":["GET"]}}],"collection":[{"href":"https:\/\/www.spasport.ee\/wp-json\/wp\/v2\/pages"}],"about":[{"href":"https:\/\/www.spasport.ee\/wp-json\/wp\/v2\/types\/page"}],"author":[{"embeddable":true,"href":"https:\/\/www.spasport.ee\/wp-json\/wp\/v2\/users\/1"}],"replies":[{"embeddable":true,"href":"https:\/\/www.spasport.ee\/wp-json\/wp\/v2\/comments?post=218"}],"version-history":[{"count":18,"href":"https:\/\/www.spasport.ee\/wp-json\/wp\/v2\/pages\/218\/revisions"}],"predecessor-version":[{"id":990,"href":"https:\/\/www.spasport.ee\/wp-json\/wp\/v2\/pages\/218\/revisions\/990"}],"wp:attachment":[{"href":"https:\/\/www.spasport.ee\/wp-json\/wp\/v2\/media?parent=218"}],"curies":[{"name":"wp","href":"https:\/\/api.w.org\/{rel}","templated":true}]}}